{"id":3500,"date":"2024-05-16T14:49:56","date_gmt":"2024-05-16T13:49:56","guid":{"rendered":"https:\/\/studiophantom.fr\/?page_id=3500"},"modified":"2024-05-24T08:38:50","modified_gmt":"2024-05-24T07:38:50","slug":"le-studio","status":"publish","type":"page","link":"https:\/\/studiophantom.fr\/?page_id=3500","title":{"rendered":"LE STUDIO"},"content":{"rendered":"\t\t<div data-elementor-type=\"wp-page\" data-elementor-id=\"3500\" class=\"elementor elementor-3500\" data-elementor-post-type=\"page\">\n\t\t\t\t\t\t<section class=\"elementor-section elementor-top-section elementor-element elementor-element-4b46602 elementor-section-boxed elementor-section-height-default elementor-section-height-default\" data-id=\"4b46602\" data-element_type=\"section\" data-settings=\"{&quot;background_background&quot;:&quot;classic&quot;}\">\n\t\t\t\t\t\t<div class=\"elementor-container elementor-column-gap-default\">\n\t\t\t\t\t<div class=\"elementor-column elementor-col-100 elementor-top-column elementor-element elementor-element-805ee43\" data-id=\"805ee43\" data-element_type=\"column\">\n\t\t\t<div class=\"elementor-widget-wrap elementor-element-populated\">\n\t\t\t\t\t\t<div class=\"elementor-element elementor-element-6545569 elementor-arrows-position-inside elementor-pagination-position-outside elementor-widget elementor-widget-image-carousel\" data-id=\"6545569\" data-element_type=\"widget\" data-settings=\"{&quot;slides_to_show&quot;:&quot;1&quot;,&quot;autoplay_speed&quot;:2500,&quot;navigation&quot;:&quot;both&quot;,&quot;autoplay&quot;:&quot;yes&quot;,&quot;pause_on_hover&quot;:&quot;yes&quot;,&quot;pause_on_interaction&quot;:&quot;yes&quot;,&quot;infinite&quot;:&quot;yes&quot;,&quot;effect&quot;:&quot;slide&quot;,&quot;speed&quot;:500}\" data-widget_type=\"image-carousel.default\">\n\t\t\t\t<div class=\"elementor-widget-container\">\n\t\t\t\t\t\t\t<div class=\"elementor-image-carousel-wrapper swiper\" role=\"region\" aria-roledescription=\"carousel\" aria-label=\"Carrousel d\u2019images\" dir=\"ltr\">\n\t\t\t<div class=\"elementor-image-carousel swiper-wrapper\" aria-live=\"off\">\n\t\t\t\t\t\t\t\t<div class=\"swiper-slide\" role=\"group\" aria-roledescription=\"slide\" aria-label=\"1 sur 5\"><figure class=\"swiper-slide-inner\"><img decoding=\"async\" class=\"swiper-slide-image\" src=\"https:\/\/studiophantom.fr\/wp-content\/uploads\/2024\/03\/Studio_2-scaled.jpg\" alt=\"Studio_2\" \/><\/figure><\/div><div class=\"swiper-slide\" role=\"group\" aria-roledescription=\"slide\" aria-label=\"2 sur 5\"><figure class=\"swiper-slide-inner\"><img decoding=\"async\" class=\"swiper-slide-image\" src=\"https:\/\/studiophantom.fr\/wp-content\/uploads\/2024\/03\/Studio_1-scaled.jpg\" alt=\"Studio_1\" \/><\/figure><\/div><div class=\"swiper-slide\" role=\"group\" aria-roledescription=\"slide\" aria-label=\"3 sur 5\"><figure class=\"swiper-slide-inner\"><img decoding=\"async\" class=\"swiper-slide-image\" src=\"https:\/\/studiophantom.fr\/wp-content\/uploads\/2024\/03\/Studio_4-scaled.jpg\" alt=\"Studio_4\" \/><\/figure><\/div><div class=\"swiper-slide\" role=\"group\" aria-roledescription=\"slide\" aria-label=\"4 sur 5\"><figure class=\"swiper-slide-inner\"><img decoding=\"async\" class=\"swiper-slide-image\" src=\"https:\/\/studiophantom.fr\/wp-content\/uploads\/2024\/03\/Dw-in-the-labo-2-scaled.jpg\" alt=\"Dw in the labo 2\" \/><\/figure><\/div><div class=\"swiper-slide\" role=\"group\" aria-roledescription=\"slide\" aria-label=\"5 sur 5\"><figure class=\"swiper-slide-inner\"><img decoding=\"async\" class=\"swiper-slide-image\" src=\"https:\/\/studiophantom.fr\/wp-content\/uploads\/2023\/02\/Mes-projets-scaled.jpeg\" alt=\"Mes projets\" \/><\/figure><\/div>\t\t\t<\/div>\n\t\t\t\t\t\t\t\t\t\t\t\t<div class=\"elementor-swiper-button elementor-swiper-button-prev\" role=\"button\" tabindex=\"0\">\n\t\t\t\t\t\t<i aria-hidden=\"true\" class=\"eicon-chevron-left\"><\/i>\t\t\t\t\t<\/div>\n\t\t\t\t\t<div class=\"elementor-swiper-button elementor-swiper-button-next\" role=\"button\" tabindex=\"0\">\n\t\t\t\t\t\t<i aria-hidden=\"true\" class=\"eicon-chevron-right\"><\/i>\t\t\t\t\t<\/div>\n\t\t\t\t\n\t\t\t\t\t\t\t\t\t<div class=\"swiper-pagination\"><\/div>\n\t\t\t\t\t\t\t\t\t<\/div>\n\t\t\t\t\t\t<\/div>\n\t\t\t\t<\/div>\n\t\t\t\t\t<\/div>\n\t\t<\/div>\n\t\t\t\t\t<\/div>\n\t\t<\/section>\n\t\t\t\t<section class=\"elementor-section elementor-top-section elementor-element elementor-element-29316dd elementor-section-boxed elementor-section-height-default elementor-section-height-default\" data-id=\"29316dd\" data-element_type=\"section\" data-settings=\"{&quot;background_background&quot;:&quot;classic&quot;}\">\n\t\t\t\t\t\t<div class=\"elementor-container elementor-column-gap-default\">\n\t\t\t\t\t<div class=\"elementor-column elementor-col-50 elementor-top-column elementor-element elementor-element-5a62dc5\" data-id=\"5a62dc5\" data-element_type=\"column\">\n\t\t\t<div class=\"elementor-widget-wrap elementor-element-populated\">\n\t\t\t\t\t\t<div class=\"elementor-element elementor-element-9718fc0 elementor-widget elementor-widget-image\" data-id=\"9718fc0\" data-element_type=\"widget\" data-widget_type=\"image.default\">\n\t\t\t\t<div class=\"elementor-widget-container\">\n\t\t\t\t\t\t\t\t\t\t\t\t\t\t\t<img fetchpriority=\"high\" decoding=\"async\" width=\"750\" height=\"563\" src=\"https:\/\/studiophantom.fr\/wp-content\/uploads\/2023\/02\/Enregistrement1-2-1024x768.jpg\" class=\"attachment-large size-large wp-image-321\" alt=\"\" srcset=\"https:\/\/studiophantom.fr\/wp-content\/uploads\/2023\/02\/Enregistrement1-2-1024x768.jpg 1024w, https:\/\/studiophantom.fr\/wp-content\/uploads\/2023\/02\/Enregistrement1-2-300x225.jpg 300w, https:\/\/studiophantom.fr\/wp-content\/uploads\/2023\/02\/Enregistrement1-2-768x576.jpg 768w, https:\/\/studiophantom.fr\/wp-content\/uploads\/2023\/02\/Enregistrement1-2-1536x1152.jpg 1536w, https:\/\/studiophantom.fr\/wp-content\/uploads\/2023\/02\/Enregistrement1-2-2048x1536.jpg 2048w\" sizes=\"(max-width: 750px) 100vw, 750px\" style=\"width:100%;height:75%;max-width:2560px\" \/>\t\t\t\t\t\t\t\t\t\t\t\t\t\t\t<\/div>\n\t\t\t\t<\/div>\n\t\t\t\t\t<\/div>\n\t\t<\/div>\n\t\t\t\t<div class=\"elementor-column elementor-col-50 elementor-top-column elementor-element elementor-element-761a115\" data-id=\"761a115\" data-element_type=\"column\">\n\t\t\t<div class=\"elementor-widget-wrap elementor-element-populated\">\n\t\t\t\t\t\t<div class=\"elementor-element elementor-element-12aba00 elementor-widget elementor-widget-heading\" data-id=\"12aba00\" data-element_type=\"widget\" data-widget_type=\"heading.default\">\n\t\t\t\t<div class=\"elementor-widget-container\">\n\t\t\t\t\t<h2 class=\"elementor-heading-title elementor-size-default\">LE STUDIO<\/h2>\t\t\t\t<\/div>\n\t\t\t\t<\/div>\n\t\t\t\t<div class=\"elementor-element elementor-element-5310945 elementor-widget-divider--view-line elementor-widget elementor-widget-divider\" data-id=\"5310945\" data-element_type=\"widget\" data-widget_type=\"divider.default\">\n\t\t\t\t<div class=\"elementor-widget-container\">\n\t\t\t\t\t\t\t<div class=\"elementor-divider\">\n\t\t\t<span class=\"elementor-divider-separator\">\n\t\t\t\t\t\t<\/span>\n\t\t<\/div>\n\t\t\t\t\t\t<\/div>\n\t\t\t\t<\/div>\n\t\t\t\t<div class=\"elementor-element elementor-element-ba49987 elementor-widget elementor-widget-text-editor\" data-id=\"ba49987\" data-element_type=\"widget\" data-widget_type=\"text-editor.default\">\n\t\t\t\t<div class=\"elementor-widget-container\">\n\t\t\t\t\t\t\t\t\t<p style=\"letter-spacing: -0.6px;\"><span id=\"p0\">Cr\u00e9er en septembre 2023, studio\u00a0<span id=\"2\">Phantom<\/span> propose d&rsquo;accompagner les artistes dans l&rsquo;enregistrement, le mixage et le mastering de leur projet.<\/span><\/p><p>Gr\u00e2ce au projet \u00bb sound truck \u00bb le studio \u00e0 la possibilit\u00e9 de se d\u00e9placer chez l&rsquo;artiste.<\/p><p><span id=\"p0\">Il intervient aussi dans \u00a0<\/span><span id=\"p0\">la cr\u00e9ation de <span id=\"3\">sound<\/span>\u00a0design, de bruitage, et de composition pour l\u2019univers du jeu vid\u00e9o et du cin\u00e9ma.<\/span><span id=\"p1\">\u00a0<\/span><\/p><p style=\"letter-spacing: -0.6px;\">\u00a0<\/p>\t\t\t\t\t\t\t\t<\/div>\n\t\t\t\t<\/div>\n\t\t\t\t\t<\/div>\n\t\t<\/div>\n\t\t\t\t\t<\/div>\n\t\t<\/section>\n\t\t\t\t<\/div>\n\t\t","protected":false},"excerpt":{"rendered":"<p>LE STUDIO Cr\u00e9er en septembre 2023, studio\u00a0Phantom propose d&rsquo;accompagner les artistes dans l&rsquo;enregistrement, le mixage et le mastering de leur projet. Gr\u00e2ce au projet \u00bb sound truck \u00bb le studio \u00e0 la possibilit\u00e9 de se d\u00e9placer chez l&rsquo;artiste. Il intervient aussi dans \u00a0la cr\u00e9ation de sound\u00a0design, de bruitage, et de composition pour l\u2019univers du jeu&hellip; <a class=\"more-link\" href=\"https:\/\/studiophantom.fr\/?page_id=3500\">Poursuivre la lecture <span class=\"screen-reader-text\">LE STUDIO<\/span><\/a><\/p>\n","protected":false},"author":1,"featured_media":0,"parent":0,"menu_order":0,"comment_status":"closed","ping_status":"closed","template":"elementor_header_footer","meta":{"footnotes":""},"class_list":["post-3500","page","type-page","status-publish","hentry","entry"],"_links":{"self":[{"href":"https:\/\/studiophantom.fr\/index.php?rest_route=\/wp\/v2\/pages\/3500","targetHints":{"allow":["GET"]}}],"collection":[{"href":"https:\/\/studiophantom.fr\/index.php?rest_route=\/wp\/v2\/pages"}],"about":[{"href":"https:\/\/studiophantom.fr\/index.php?rest_route=\/wp\/v2\/types\/page"}],"author":[{"embeddable":true,"href":"https:\/\/studiophantom.fr\/index.php?rest_route=\/wp\/v2\/users\/1"}],"replies":[{"embeddable":true,"href":"https:\/\/studiophantom.fr\/index.php?rest_route=%2Fwp%2Fv2%2Fcomments&post=3500"}],"version-history":[{"count":35,"href":"https:\/\/studiophantom.fr\/index.php?rest_route=\/wp\/v2\/pages\/3500\/revisions"}],"predecessor-version":[{"id":3671,"href":"https:\/\/studiophantom.fr\/index.php?rest_route=\/wp\/v2\/pages\/3500\/revisions\/3671"}],"wp:attachment":[{"href":"https:\/\/studiophantom.fr\/index.php?rest_route=%2Fwp%2Fv2%2Fmedia&parent=3500"}],"curies":[{"name":"wp","href":"https:\/\/api.w.org\/{rel}","templated":true}]}}