{"id":3524,"date":"2024-05-16T13:20:35","date_gmt":"2024-05-16T12:20:35","guid":{"rendered":"https:\/\/studiophantom.fr\/?page_id=3524"},"modified":"2026-01-20T16:10:33","modified_gmt":"2026-01-20T15:10:33","slug":"mes-collaborations","status":"publish","type":"page","link":"https:\/\/studiophantom.fr\/?page_id=3524","title":{"rendered":"MES COLLABORATIONS"},"content":{"rendered":"\t\t<div data-elementor-type=\"wp-page\" data-elementor-id=\"3524\" class=\"elementor elementor-3524\" data-elementor-post-type=\"page\">\n\t\t\t\t\t\t<section class=\"elementor-section elementor-top-section elementor-element elementor-element-cf9fb61 elementor-section-boxed elementor-section-height-default elementor-section-height-default\" data-id=\"cf9fb61\" data-element_type=\"section\" data-settings=\"{&quot;background_background&quot;:&quot;classic&quot;}\">\n\t\t\t\t\t\t<div class=\"elementor-container elementor-column-gap-default\">\n\t\t\t\t\t<div class=\"elementor-column elementor-col-100 elementor-top-column elementor-element elementor-element-549cc2a\" data-id=\"549cc2a\" data-element_type=\"column\">\n\t\t\t<div class=\"elementor-widget-wrap elementor-element-populated\">\n\t\t\t\t\t\t<div class=\"elementor-element elementor-element-ee3a0b6 elementor-widget elementor-widget-heading\" data-id=\"ee3a0b6\" data-element_type=\"widget\" data-widget_type=\"heading.default\">\n\t\t\t\t<div class=\"elementor-widget-container\">\n\t\t\t\t\t<h2 class=\"elementor-heading-title elementor-size-default\">MES COLLABORATIONS<\/h2>\t\t\t\t<\/div>\n\t\t\t\t<\/div>\n\t\t\t\t\t<\/div>\n\t\t<\/div>\n\t\t\t\t\t<\/div>\n\t\t<\/section>\n\t\t\t\t<section class=\"elementor-section elementor-top-section elementor-element elementor-element-fd4a9c6 elementor-section-boxed elementor-section-height-default elementor-section-height-default\" data-id=\"fd4a9c6\" data-element_type=\"section\" data-settings=\"{&quot;background_background&quot;:&quot;classic&quot;}\">\n\t\t\t\t\t\t<div class=\"elementor-container elementor-column-gap-default\">\n\t\t\t\t\t<div class=\"elementor-column elementor-col-100 elementor-top-column elementor-element elementor-element-3d34763\" data-id=\"3d34763\" data-element_type=\"column\">\n\t\t\t<div class=\"elementor-widget-wrap elementor-element-populated\">\n\t\t\t\t\t\t<div class=\"elementor-element elementor-element-6c90b86 elementor-widget__width-initial elementor-widget elementor-widget-e_image_hover_effects\" data-id=\"6c90b86\" data-element_type=\"widget\" data-widget_type=\"e_image_hover_effects.default\">\n\t\t\t\t<div class=\"elementor-widget-container\">\n\t\t\t\t\t\t\t\t<div class=\"eihe-box eihe-reveal-up eihe_\">\n\t\t\t\t<img fetchpriority=\"high\" decoding=\"async\" width=\"750\" height=\"1000\" src=\"https:\/\/studiophantom.fr\/wp-content\/uploads\/2026\/01\/Projet-tete-en-lart-768x1024.jpeg\" class=\"attachment-large size-large wp-image-3677\" alt=\"\" srcset=\"https:\/\/studiophantom.fr\/wp-content\/uploads\/2026\/01\/Projet-tete-en-lart-768x1024.jpeg 768w, https:\/\/studiophantom.fr\/wp-content\/uploads\/2026\/01\/Projet-tete-en-lart-225x300.jpeg 225w, https:\/\/studiophantom.fr\/wp-content\/uploads\/2026\/01\/Projet-tete-en-lart-1152x1536.jpeg 1152w, https:\/\/studiophantom.fr\/wp-content\/uploads\/2026\/01\/Projet-tete-en-lart-1536x2048.jpeg 1536w, https:\/\/studiophantom.fr\/wp-content\/uploads\/2026\/01\/Projet-tete-en-lart-1568x2091.jpeg 1568w, https:\/\/studiophantom.fr\/wp-content\/uploads\/2026\/01\/Projet-tete-en-lart-scaled.jpeg 1920w\" sizes=\"(max-width: 750px) 100vw, 750px\" style=\"width:100%;height:133.33%;max-width:1920px;\" \/>\t\t\t\t<div class=\"eihe-caption\">\n\t\t\t\t\t<div class=\"eihe-title-cover\">\n\t\t\t\t\t\t\t\t\t\t\t\t<h3 class=\"eihe-title\">Projet t\u00eate en l'art 2024-2025<\/h3>\n\t\t\t\t\t\t\t\t\t\t\t<\/div>\n\t\t\t\t\t<p>Les \u00e9l\u00e8ves de l'\u00e9cole primaire de Beuzec-Conq ont r\u00e9alis\u00e9 des cr\u00e9ations sonores expos\u00e9es au CAC de Concarneau.<\/p>\n\t\t\t\t<\/div>\n\t\t\t<\/div>\n\t\t\t\t\t\t<\/div>\n\t\t\t\t<\/div>\n\t\t\t\t\t<\/div>\n\t\t<\/div>\n\t\t\t\t\t<\/div>\n\t\t<\/section>\n\t\t\t\t<section class=\"elementor-section elementor-top-section elementor-element elementor-element-7d91054 elementor-section-boxed elementor-section-height-default elementor-section-height-default\" data-id=\"7d91054\" data-element_type=\"section\" data-settings=\"{&quot;background_background&quot;:&quot;classic&quot;}\">\n\t\t\t\t\t\t<div class=\"elementor-container elementor-column-gap-default\">\n\t\t\t\t\t<div class=\"elementor-column elementor-col-50 elementor-top-column elementor-element elementor-element-6a925af\" data-id=\"6a925af\" data-element_type=\"column\">\n\t\t\t<div class=\"elementor-widget-wrap elementor-element-populated\">\n\t\t\t\t\t\t<div class=\"elementor-element elementor-element-8cb7a4e elementor-widget elementor-widget-e_image_hover_effects\" data-id=\"8cb7a4e\" data-element_type=\"widget\" data-widget_type=\"e_image_hover_effects.default\">\n\t\t\t\t<div class=\"elementor-widget-container\">\n\t\t\t\t\t\t\t\t<a href=\"https:\/\/www.youtube.com\/watch?v=aA4Z51MQXjQ\" target=\"_blank\" rel=\"noopener\">\n\t\t\t\t\t<div class=\"eihe-box eihe-fade-in-up eihe_\">\n\t\t\t\t<img decoding=\"async\" width=\"1355\" height=\"911\" src=\"https:\/\/studiophantom.fr\/wp-content\/uploads\/2023\/02\/lagoon_visual.jpeg\" class=\"attachment-full size-full wp-image-656\" alt=\"\" srcset=\"https:\/\/studiophantom.fr\/wp-content\/uploads\/2023\/02\/lagoon_visual.jpeg 1355w, https:\/\/studiophantom.fr\/wp-content\/uploads\/2023\/02\/lagoon_visual-300x202.jpeg 300w, https:\/\/studiophantom.fr\/wp-content\/uploads\/2023\/02\/lagoon_visual-1024x688.jpeg 1024w, https:\/\/studiophantom.fr\/wp-content\/uploads\/2023\/02\/lagoon_visual-768x516.jpeg 768w\" sizes=\"(max-width: 1355px) 100vw, 1355px\" style=\"width:100%;height:67.23%;max-width:1355px;\" \/>\t\t\t\t<div class=\"eihe-caption\">\n\t\t\t\t\t<div class=\"eihe-title-cover\">\n\t\t\t\t\t\t\t\t\t\t\t\t<h3 class=\"eihe-title\">LAGOON <\/h3>\n\t\t\t\t\t\t<div class=\"eihe-iright eihe-icon\"><i aria-hidden=\"true\" class=\"fab fa-youtube\"><\/i> <\/div> \t\t\t\t\t<\/div>\n\t\t\t\t\t<p>CO-R\u00c9ALISATION, SC\u00c9NARIO ET SOUND DESIGN DU CLIP LAGOON DE SICKNESS<\/p>\n\t\t\t\t<\/div>\n\t\t\t<\/div>\n\t\t\t\t\t<\/a>\n\t\t\t\t\t\t<\/div>\n\t\t\t\t<\/div>\n\t\t\t\t\t<\/div>\n\t\t<\/div>\n\t\t\t\t<div class=\"elementor-column elementor-col-50 elementor-top-column elementor-element elementor-element-702eac0\" data-id=\"702eac0\" data-element_type=\"column\">\n\t\t\t<div class=\"elementor-widget-wrap elementor-element-populated\">\n\t\t\t\t\t\t<div class=\"elementor-element elementor-element-b50c5ee elementor-widget elementor-widget-e_image_hover_effects\" data-id=\"b50c5ee\" data-element_type=\"widget\" data-widget_type=\"e_image_hover_effects.default\">\n\t\t\t\t<div class=\"elementor-widget-container\">\n\t\t\t\t\t\t\t\t<a href=\"https:\/\/www.youtube.com\/watch?v=ZQyDY0v_ZwE\" target=\"_blank\" rel=\"noopener\">\n\t\t\t\t\t<div class=\"eihe-box eihe-fade-in-up eihe_\">\n\t\t\t\t<img decoding=\"async\" width=\"2560\" height=\"1920\" src=\"https:\/\/studiophantom.fr\/wp-content\/uploads\/2023\/02\/No-minds-land-cac-scaled.jpg\" class=\"attachment-full size-full wp-image-652\" alt=\"\" srcset=\"https:\/\/studiophantom.fr\/wp-content\/uploads\/2023\/02\/No-minds-land-cac-scaled.jpg 2560w, https:\/\/studiophantom.fr\/wp-content\/uploads\/2023\/02\/No-minds-land-cac-300x225.jpg 300w, https:\/\/studiophantom.fr\/wp-content\/uploads\/2023\/02\/No-minds-land-cac-1024x768.jpg 1024w, https:\/\/studiophantom.fr\/wp-content\/uploads\/2023\/02\/No-minds-land-cac-768x576.jpg 768w, https:\/\/studiophantom.fr\/wp-content\/uploads\/2023\/02\/No-minds-land-cac-1536x1152.jpg 1536w, https:\/\/studiophantom.fr\/wp-content\/uploads\/2023\/02\/No-minds-land-cac-2048x1536.jpg 2048w\" sizes=\"(max-width: 2560px) 100vw, 2560px\" style=\"width:100%;height:75%;max-width:2560px;\" \/>\t\t\t\t<div class=\"eihe-caption\">\n\t\t\t\t\t<div class=\"eihe-title-cover\">\n\t\t\t\t\t\t\t\t\t\t\t\t<h3 class=\"eihe-title\">NO MIND'S LAND<\/h3>\n\t\t\t\t\t\t<div class=\"eihe-iright eihe-icon\"><i aria-hidden=\"true\" class=\"fab fa-youtube\"><\/i> <\/div> \t\t\t\t\t<\/div>\n\t\t\t\t\t<p>CO-R\u00c9ALISATION, SC\u00c9NARIO ET SOUND DESIGN DU CLIP NO MIND'S LAND DE SICKNESS<\/p>\n\t\t\t\t<\/div>\n\t\t\t<\/div>\n\t\t\t\t\t<\/a>\n\t\t\t\t\t\t<\/div>\n\t\t\t\t<\/div>\n\t\t\t\t\t<\/div>\n\t\t<\/div>\n\t\t\t\t\t<\/div>\n\t\t<\/section>\n\t\t\t\t<section class=\"elementor-section elementor-top-section elementor-element elementor-element-3dd72a7 elementor-section-boxed elementor-section-height-default elementor-section-height-default\" data-id=\"3dd72a7\" data-element_type=\"section\" data-settings=\"{&quot;background_background&quot;:&quot;classic&quot;}\">\n\t\t\t\t\t\t<div class=\"elementor-container elementor-column-gap-default\">\n\t\t\t\t\t<div class=\"elementor-column elementor-col-100 elementor-top-column elementor-element elementor-element-51387c1\" data-id=\"51387c1\" data-element_type=\"column\">\n\t\t\t<div class=\"elementor-widget-wrap\">\n\t\t\t\t\t\t\t<\/div>\n\t\t<\/div>\n\t\t\t\t\t<\/div>\n\t\t<\/section>\n\t\t\t\t<section class=\"elementor-section elementor-top-section elementor-element elementor-element-b5000dd elementor-section-boxed elementor-section-height-default elementor-section-height-default\" data-id=\"b5000dd\" data-element_type=\"section\" data-settings=\"{&quot;background_background&quot;:&quot;classic&quot;}\">\n\t\t\t\t\t\t<div class=\"elementor-container elementor-column-gap-default\">\n\t\t\t\t\t<div class=\"elementor-column elementor-col-100 elementor-top-column elementor-element elementor-element-0b6b38a\" data-id=\"0b6b38a\" data-element_type=\"column\">\n\t\t\t<div class=\"elementor-widget-wrap elementor-element-populated\">\n\t\t\t\t\t\t<div class=\"elementor-element elementor-element-fc538bd elementor-widget elementor-widget-e_image_hover_effects\" data-id=\"fc538bd\" data-element_type=\"widget\" data-widget_type=\"e_image_hover_effects.default\">\n\t\t\t\t<div class=\"elementor-widget-container\">\n\t\t\t\t\t\t\t\t<a href=\"https:\/\/morganefacilitation.fr\/?page_id=5469\" target=\"_blank\" rel=\"noopener\">\n\t\t\t\t\t<div class=\"eihe-box eihe-fade-in-up eihe_\">\n\t\t\t\t<img loading=\"lazy\" decoding=\"async\" width=\"2560\" height=\"1707\" src=\"https:\/\/studiophantom.fr\/wp-content\/uploads\/2023\/01\/Podcast-2-scaled.jpg\" class=\"attachment-full size-full wp-image-66\" alt=\"\" srcset=\"https:\/\/studiophantom.fr\/wp-content\/uploads\/2023\/01\/Podcast-2-scaled.jpg 2560w, https:\/\/studiophantom.fr\/wp-content\/uploads\/2023\/01\/Podcast-2-300x200.jpg 300w, https:\/\/studiophantom.fr\/wp-content\/uploads\/2023\/01\/Podcast-2-1024x683.jpg 1024w, https:\/\/studiophantom.fr\/wp-content\/uploads\/2023\/01\/Podcast-2-768x512.jpg 768w, https:\/\/studiophantom.fr\/wp-content\/uploads\/2023\/01\/Podcast-2-1536x1024.jpg 1536w, https:\/\/studiophantom.fr\/wp-content\/uploads\/2023\/01\/Podcast-2-2048x1365.jpg 2048w\" sizes=\"(max-width: 2560px) 100vw, 2560px\" style=\"width:100%;height:66.68%;max-width:2560px;\" \/>\t\t\t\t<div class=\"eihe-caption\">\n\t\t\t\t\t<div class=\"eihe-title-cover\">\n\t\t\t\t\t\t\t\t\t\t\t\t<h3 class=\"eihe-title\">MORGANE HORNSPERGER<\/h3>\n\t\t\t\t\t\t<div class=\"eihe-iright eihe-icon\"><i aria-hidden=\"true\" class=\"icon icon-internet\"><\/i> <\/div> \t\t\t\t\t<\/div>\n\t\t\t\t\t<p>INITIATION \u00c0 LA CR\u00c9ATION DE PODCAST<\/p>\n\t\t\t\t<\/div>\n\t\t\t<\/div>\n\t\t\t\t\t<\/a>\n\t\t\t\t\t\t<\/div>\n\t\t\t\t<\/div>\n\t\t\t\t\t<\/div>\n\t\t<\/div>\n\t\t\t\t\t<\/div>\n\t\t<\/section>\n\t\t\t\t<\/div>\n\t\t","protected":false},"excerpt":{"rendered":"<p>MES COLLABORATIONS Projet t\u00eate en l&rsquo;art 2024-2025 Les \u00e9l\u00e8ves de l&rsquo;\u00e9cole primaire de Beuzec-Conq ont r\u00e9alis\u00e9 des cr\u00e9ations sonores expos\u00e9es au CAC de Concarneau. LAGOON CO-R\u00c9ALISATION, SC\u00c9NARIO ET SOUND DESIGN DU CLIP LAGOON DE SICKNESS NO MIND&rsquo;S LAND CO-R\u00c9ALISATION, SC\u00c9NARIO ET SOUND DESIGN DU CLIP NO MIND&rsquo;S LAND DE SICKNESS MORGANE HORNSPERGER INITIATION \u00c0 LA&hellip; <a class=\"more-link\" href=\"https:\/\/studiophantom.fr\/?page_id=3524\">Poursuivre la lecture <span class=\"screen-reader-text\">MES COLLABORATIONS<\/span><\/a><\/p>\n","protected":false},"author":1,"featured_media":0,"parent":0,"menu_order":0,"comment_status":"closed","ping_status":"closed","template":"elementor_header_footer","meta":{"footnotes":""},"class_list":["post-3524","page","type-page","status-publish","hentry","entry"],"_links":{"self":[{"href":"https:\/\/studiophantom.fr\/index.php?rest_route=\/wp\/v2\/pages\/3524","targetHints":{"allow":["GET"]}}],"collection":[{"href":"https:\/\/studiophantom.fr\/index.php?rest_route=\/wp\/v2\/pages"}],"about":[{"href":"https:\/\/studiophantom.fr\/index.php?rest_route=\/wp\/v2\/types\/page"}],"author":[{"embeddable":true,"href":"https:\/\/studiophantom.fr\/index.php?rest_route=\/wp\/v2\/users\/1"}],"replies":[{"embeddable":true,"href":"https:\/\/studiophantom.fr\/index.php?rest_route=%2Fwp%2Fv2%2Fcomments&post=3524"}],"version-history":[{"count":28,"href":"https:\/\/studiophantom.fr\/index.php?rest_route=\/wp\/v2\/pages\/3524\/revisions"}],"predecessor-version":[{"id":3686,"href":"https:\/\/studiophantom.fr\/index.php?rest_route=\/wp\/v2\/pages\/3524\/revisions\/3686"}],"wp:attachment":[{"href":"https:\/\/studiophantom.fr\/index.php?rest_route=%2Fwp%2Fv2%2Fmedia&parent=3524"}],"curies":[{"name":"wp","href":"https:\/\/api.w.org\/{rel}","templated":true}]}}