{"id":819,"date":"2023-02-06T10:54:02","date_gmt":"2023-02-06T09:54:02","guid":{"rendered":"https:\/\/studiophantom.fr\/?page_id=819"},"modified":"2023-02-15T15:39:39","modified_gmt":"2023-02-15T14:39:39","slug":"mentions-legales","status":"publish","type":"page","link":"https:\/\/studiophantom.fr\/?page_id=819","title":{"rendered":"MENTIONS L\u00c9GALES"},"content":{"rendered":"\t\t<div data-elementor-type=\"wp-page\" data-elementor-id=\"819\" class=\"elementor elementor-819\" data-elementor-post-type=\"page\">\n\t\t\t\t\t\t<section class=\"elementor-section elementor-top-section elementor-element elementor-element-1a9f509c animated-slow elementor-section-boxed elementor-section-height-default elementor-section-height-default elementor-invisible\" data-id=\"1a9f509c\" data-element_type=\"section\" data-settings=\"{&quot;background_background&quot;:&quot;classic&quot;,&quot;animation&quot;:&quot;slideInDown&quot;,&quot;animation_delay&quot;:0}\">\n\t\t\t\t\t\t<div class=\"elementor-container elementor-column-gap-default\">\n\t\t\t\t\t<div class=\"elementor-column elementor-col-100 elementor-top-column elementor-element elementor-element-3c84b7a animated-slow elementor-invisible\" data-id=\"3c84b7a\" data-element_type=\"column\" data-settings=\"{&quot;animation&quot;:&quot;slideInDown&quot;,&quot;animation_delay&quot;:2000}\">\n\t\t\t<div class=\"elementor-widget-wrap elementor-element-populated\">\n\t\t\t\t\t\t<div class=\"elementor-element elementor-element-26fe7672 elementor-widget elementor-widget-e_image_hover_effects\" data-id=\"26fe7672\" data-element_type=\"widget\" data-widget_type=\"e_image_hover_effects.default\">\n\t\t\t\t<div class=\"elementor-widget-container\">\n\t\t\t\t\t\t\t\t<div class=\"eihe-box eihe-flip-diag-2 eihe_\">\n\t\t\t\t<img fetchpriority=\"high\" decoding=\"async\" width=\"1000\" height=\"1000\" src=\"https:\/\/studiophantom.fr\/wp-content\/uploads\/2023\/02\/Mentions-legales.jpg\" class=\"attachment-full size-full wp-image-824\" alt=\"\" srcset=\"https:\/\/studiophantom.fr\/wp-content\/uploads\/2023\/02\/Mentions-legales.jpg 1000w, https:\/\/studiophantom.fr\/wp-content\/uploads\/2023\/02\/Mentions-legales-300x300.jpg 300w, https:\/\/studiophantom.fr\/wp-content\/uploads\/2023\/02\/Mentions-legales-150x150.jpg 150w, https:\/\/studiophantom.fr\/wp-content\/uploads\/2023\/02\/Mentions-legales-768x768.jpg 768w\" sizes=\"(max-width: 1000px) 100vw, 1000px\" style=\"width:100%;height:100%;max-width:1000px;\" \/>\t\t\t\t<div class=\"eihe-caption\">\n\t\t\t\t\t<div class=\"eihe-title-cover\">\n\t\t\t\t\t\t\t\t\t\t\t\t<h3 class=\"eihe-title\"><\/h3>\n\t\t\t\t\t\t\t\t\t\t\t<\/div>\n\t\t\t\t\t<p><em>ENTREPRISE :<\/em><\/br>\nStudio phantom est une entreprise h\u00e9berg\u00e9 dans la coop\u00e9rative SA SCIC CHRYSALIDE.  <\/br>Montant du capital social : 35 460 \u20ac.<\/br> Le si\u00e8ge social est situ\u00e9 : 1 Alez ar waremm, 29000 Quimper. N\u00b0 Siret 443 903 562 00066 - APE 7830Z - TVA Intra : FR26443903562 - <\/br>Registre du commerce : 7830Z \u2013 RCS Quimper 2002 B 450<\/br>\nT\u00e9l. Chrysalide : 02 98 66 09 99<\/br>\n\n<em>\u00c9DITITEUR :<\/em><\/br>\n\nSTUDIO PHANTOM \/\/ Laurent Calvez\n<\/br><em>Mail :<\/em> <\/br>\nstudiophantom@gmail.com<\/br>\n<em>T\u00e9l\u00e9phone :<\/em>  <\/br> (+ 33) 06.50.59.71.62<\/br>\n\n<\/br><em>Responsable de la publication :<\/em><\/br>Laurent Calvez<\/br>\n\n<\/br><em>H\u00c9BERGEUR<\/em><\/br>\n\nHOTSINGER<\/br>\nHostinger, UAB<\/br>\nJonavos g. 60C, 44192<\/br>\nKaunas<\/br>\nLituanie<\/br>\nhttps:\/\/www.hostinger.fr<\/br>\n\n<\/br><em>CONCEPTION<\/em><\/br>\n\nCe site est propuls\u00e9 par WordPress<\/br>\n\n<\/br><em>Graphisme<\/em><\/br>\n\nDirecteur artistique et graphiste : Laurent Calvez\n<\/br>\n<\/p>\n\t\t\t\t<\/div>\n\t\t\t<\/div>\n\t\t\t\t\t\t<\/div>\n\t\t\t\t<\/div>\n\t\t\t\t<div class=\"elementor-element elementor-element-574dadfe elementor-widget-mobile__width-inherit elementor-widget elementor-widget-e_image_hover_effects\" data-id=\"574dadfe\" data-element_type=\"widget\" data-widget_type=\"e_image_hover_effects.default\">\n\t\t\t\t<div class=\"elementor-widget-container\">\n\t\t\t\t\t\t\t\t<div class=\"eihe-box eihe-flip-diag-2 eihe_\">\n\t\t\t\t<img decoding=\"async\" width=\"1000\" height=\"1000\" src=\"https:\/\/studiophantom.fr\/wp-content\/uploads\/2023\/02\/Donnees-personnelles.jpg\" class=\"attachment-2048x2048 size-2048x2048 wp-image-825\" alt=\"\" srcset=\"https:\/\/studiophantom.fr\/wp-content\/uploads\/2023\/02\/Donnees-personnelles.jpg 1000w, https:\/\/studiophantom.fr\/wp-content\/uploads\/2023\/02\/Donnees-personnelles-300x300.jpg 300w, https:\/\/studiophantom.fr\/wp-content\/uploads\/2023\/02\/Donnees-personnelles-150x150.jpg 150w, https:\/\/studiophantom.fr\/wp-content\/uploads\/2023\/02\/Donnees-personnelles-768x768.jpg 768w\" sizes=\"(max-width: 1000px) 100vw, 1000px\" style=\"width:100%;height:100%;max-width:1000px;\" \/>\t\t\t\t<div class=\"eihe-caption\">\n\t\t\t\t\t<div class=\"eihe-title-cover\">\n\t\t\t\t\t\t\t\t\t\t\t\t<h3 class=\"eihe-title\"><\/h3>\n\t\t\t\t\t\t\t\t\t\t\t<\/div>\n\t\t\t\t\t<p>En application de la loi n\u00b02018-493 du 20  juin 2018 relative \u00e0 la protection des donn\u00e9es personnelles, modifiant  la loi n\u00b078-17 du 6 janvier 1978 relative \u00e0 l'informatique, aux fichiers  et aux libert\u00e9s afin de mettre en conformit\u00e9 le droit national avec le  R\u00e8glement G\u00e9n\u00e9ral sur la Protection des donn\u00e9es (RGPD), chaque  internaute dispose des droits d'opposition, d'acc\u00e8s et de rectification des donn\u00e9es le concernant.<\/br>\nLes informations recueillies sur notre site se font uniquement via notre adresse mail de contact et font l'objet d'un traitement uniquement pour r\u00e9pondre aux demandes. La base l\u00e9gale de ce traitement est votre consentement.<\/br>\nLes donn\u00e9es recueillies sont uniquement trait\u00e9es en interne et ne peuvent \u00eatre ni publi\u00e9es, ni \u00e9chang\u00e9es, ni transf\u00e9r\u00e9es, ni c\u00e9d\u00e9es ou vendues sur un support quelconque \u00e0 des tiers. Seule l\u2019hypoth\u00e8se du rachat de PHANTOM_1987-B  permettrait la transmission des dites donn\u00e9es \u00e0 l'\u00e9ventuel acqu\u00e9reur qui serait alors tenu de la m\u00eame obligation de conservation et de modification des donn\u00e9es.<\/br>\n\n<\/br>Vous pouvez acc\u00e9der aux donn\u00e9es vous concernant, les rectifier, demander leur effacement ou s'opposer \u00e0 leur traitement :<\/br>\n<\/br><em>\u2023 en envoyant un mail \u00e0 l\u2019adresse mail suivante : <\/em><\/br>studiophantom@gmail.com<\/br>\n<\/br><em>\u2023 en envoyant \u00e0 courrier \u00e0 l\u2019adresse suivante:<\/br><\/em>Studio phantom - Laurent Calvez<\/br> 20 stred kerandraon bihan <\/br>29760 Penmarc'h<\/br>\n<\/br>Pour plus d\u2019information, vous pouvez vous rendre sur le site de la <a href=\"https:\/\/www.cnil.fr\/fr\/les-droits-pour-maitriser-vos-donnees-personnelles\" target=\"_blank\" rel=\"noopener\">CNIL<\/a> <\/br>\n<\/p>\n\t\t\t\t<\/div>\n\t\t\t<\/div>\n\t\t\t\t\t\t<\/div>\n\t\t\t\t<\/div>\n\t\t\t\t\t<\/div>\n\t\t<\/div>\n\t\t\t\t\t<\/div>\n\t\t<\/section>\n\t\t\t\t<\/div>\n\t\t","protected":false},"excerpt":{"rendered":"<p>ENTREPRISE : Studio phantom est une entreprise h\u00e9berg\u00e9 dans la coop\u00e9rative SA SCIC CHRYSALIDE. Montant du capital social : 35 460 \u20ac. Le si\u00e8ge social est situ\u00e9 : 1 Alez ar waremm, 29000 Quimper. N\u00b0 Siret 443 903 562 00066 &#8211; APE 7830Z &#8211; TVA Intra : FR26443903562 &#8211; Registre du commerce : 7830Z \u2013&hellip; <a class=\"more-link\" href=\"https:\/\/studiophantom.fr\/?page_id=819\">Poursuivre la lecture <span class=\"screen-reader-text\">MENTIONS L\u00c9GALES<\/span><\/a><\/p>\n","protected":false},"author":1,"featured_media":0,"parent":0,"menu_order":0,"comment_status":"closed","ping_status":"closed","template":"elementor_canvas","meta":{"footnotes":""},"class_list":["post-819","page","type-page","status-publish","hentry","entry"],"_links":{"self":[{"href":"https:\/\/studiophantom.fr\/index.php?rest_route=\/wp\/v2\/pages\/819","targetHints":{"allow":["GET"]}}],"collection":[{"href":"https:\/\/studiophantom.fr\/index.php?rest_route=\/wp\/v2\/pages"}],"about":[{"href":"https:\/\/studiophantom.fr\/index.php?rest_route=\/wp\/v2\/types\/page"}],"author":[{"embeddable":true,"href":"https:\/\/studiophantom.fr\/index.php?rest_route=\/wp\/v2\/users\/1"}],"replies":[{"embeddable":true,"href":"https:\/\/studiophantom.fr\/index.php?rest_route=%2Fwp%2Fv2%2Fcomments&post=819"}],"version-history":[{"count":23,"href":"https:\/\/studiophantom.fr\/index.php?rest_route=\/wp\/v2\/pages\/819\/revisions"}],"predecessor-version":[{"id":2497,"href":"https:\/\/studiophantom.fr\/index.php?rest_route=\/wp\/v2\/pages\/819\/revisions\/2497"}],"wp:attachment":[{"href":"https:\/\/studiophantom.fr\/index.php?rest_route=%2Fwp%2Fv2%2Fmedia&parent=819"}],"curies":[{"name":"wp","href":"https:\/\/api.w.org\/{rel}","templated":true}]}}